{"id":5,"date":"2019-11-27T11:07:02","date_gmt":"2019-11-27T14:07:02","guid":{"rendered":"http:\/\/www.coimpex.com.ar\/?page_id=5"},"modified":"2020-09-11T13:52:48","modified_gmt":"2020-09-11T16:52:48","slug":"home","status":"publish","type":"page","link":"https:\/\/www.coimpex.com.ar\/","title":{"rendered":"Coimpex"},"content":{"rendered":"\t\t<div data-elementor-type=\"wp-page\" data-elementor-id=\"5\" class=\"elementor elementor-5\" data-elementor-settings=\"[]\">\n\t\t\t\t\t\t<div class=\"elementor-inner\">\n\t\t\t\t\t\t\t<div class=\"elementor-section-wrap\">\n\t\t\t\t\t\t\t<section class=\"elementor-section elementor-top-section elementor-element elementor-element-6dded9d4 elementor-section-boxed elementor-section-height-default elementor-section-height-default\" data-id=\"6dded9d4\" data-element_type=\"section\">\n\t\t\t\t\t\t<div class=\"elementor-container elementor-column-gap-default\">\n\t\t\t\t\t\t\t<div class=\"elementor-row\">\n\t\t\t\t\t<div class=\"elementor-column elementor-col-100 elementor-top-column elementor-element elementor-element-3caf0664\" data-id=\"3caf0664\" data-element_type=\"column\">\n\t\t\t<div class=\"elementor-column-wrap elementor-element-populated\">\n\t\t\t\t\t\t\t<div class=\"elementor-widget-wrap\">\n\t\t\t\t\t\t<div class=\"elementor-element elementor-element-4b71dfa1 elementor-widget elementor-widget-text-editor\" data-id=\"4b71dfa1\" data-element_type=\"widget\" data-widget_type=\"text-editor.default\">\n\t\t\t\t<div class=\"elementor-widget-container\">\n\t\t\t\t\t<div class=\"elementor-text-editor elementor-clearfix\"><!-- wp:paragraph -->\n<p>Dedicada a la importaci\u00f3n y comercializaci\u00f3n de materias primas, ingredientes y aditivos funcionales producidos por nuestras representadas, que son l\u00edderes en su \u00e1rea y manejan los m\u00e1s altos est\u00e1ndares de calidad y servicio.<\/p>\n<!-- \/wp:paragraph --><\/div>\n\t\t\t\t<\/div>\n\t\t\t\t<\/div>\n\t\t\t\t\t\t<\/div>\n\t\t\t\t\t<\/div>\n\t\t<\/div>\n\t\t\t\t\t\t\t\t<\/div>\n\t\t\t\t\t<\/div>\n\t\t<\/section>\n\t\t\t\t<section class=\"elementor-section elementor-top-section elementor-element elementor-element-c5cea23 elementor-section-boxed elementor-section-height-default elementor-section-height-default\" data-id=\"c5cea23\" data-element_type=\"section\">\n\t\t\t\t\t\t<div class=\"elementor-container elementor-column-gap-default\">\n\t\t\t\t\t\t\t<div class=\"elementor-row\">\n\t\t\t\t\t<div class=\"elementor-column elementor-col-100 elementor-top-column elementor-element elementor-element-5fe0f88\" data-id=\"5fe0f88\" data-element_type=\"column\">\n\t\t\t<div class=\"elementor-column-wrap elementor-element-populated\">\n\t\t\t\t\t\t\t<div class=\"elementor-widget-wrap\">\n\t\t\t\t\t\t<div class=\"elementor-element elementor-element-db5a400 elementor-widget elementor-widget-text-editor\" data-id=\"db5a400\" data-element_type=\"widget\" data-widget_type=\"text-editor.default\">\n\t\t\t\t<div class=\"elementor-widget-container\">\n\t\t\t\t\t<div class=\"elementor-text-editor elementor-clearfix\"><h6><strong>Productos de Distribuci\u00f3n Local<\/strong><\/h6><\/div>\n\t\t\t\t<\/div>\n\t\t\t\t<\/div>\n\t\t\t\t<div class=\"elementor-element elementor-element-a21d047 elementor-widget elementor-widget-text-editor\" data-id=\"a21d047\" data-element_type=\"widget\" data-widget_type=\"text-editor.default\">\n\t\t\t\t<div class=\"elementor-widget-container\">\n\t\t\t\t\t<div class=\"elementor-text-editor elementor-clearfix\"><p><strong>Agentes de Batido<\/strong><br \/>Vana Monte DP76<br \/><span style=\"font-family: Lato, sans-serif; font-size: 16px; font-style: normal; font-variant-ligatures: normal; font-variant-caps: normal; font-weight: 400;\">Vana Monte DP74<br \/><\/span><span style=\"font-family: Lato, sans-serif; font-size: 16px; color: var( --e-global-color-text );\"><strong>Grasas Encapsuladas en Polvo<\/strong>\u00a0<br \/>Vana Grasa<br \/>Vana Crema<br \/><\/span><span style=\"font-family: Lato, sans-serif; font-size: 16px; color: var( --e-global-color-text );\"><strong>Grasas Nutricionales<\/strong><br \/>Vana Sana<br \/><\/span><span style=\"font-family: Lato, sans-serif; font-size: 16px; color: var( --e-global-color-text );\"><strong>Creamers<\/strong><br \/>Vana Blanca<br \/><\/span><span style=\"font-family: Lato, sans-serif; font-size: 16px; color: var( --e-global-color-text );\"><span style=\"font-family: Lato, sans-serif;\"><b>Prote\u00ednas<\/b><\/span><b style=\"color: var( --e-global-color-text ); font-family: Lato, sans-serif; font-size: 16px;\"> L\u00e1cteas<\/b><br \/><\/span><span style=\"font-family: Lato, sans-serif; font-size: 16px; color: var( --e-global-color-text );\">Caseinato de Sodio<br \/><\/span><span style=\"color: var( --e-global-color-text ); font-family: Lato, sans-serif; font-size: 16px;\">Caseinato de Calcio<br \/><\/span><span style=\"font-family: Lato, sans-serif; font-size: 16px; color: var( --e-global-color-text );\">Concentrado de Prote\u00ednas Suero \u00a0 \u00a0 \u00a0 \u00a0 \u00a0 \u00a0 \u00a0 \u00a0 \u00a0 \u00a0 \u00a0 \u00a0 \u00a0 \u00a0 \u00a0 \u00a0 \u00a0 \u00a0 \u00a0<\/span><\/p><\/div>\n\t\t\t\t<\/div>\n\t\t\t\t<\/div>\n\t\t\t\t\t\t<\/div>\n\t\t\t\t\t<\/div>\n\t\t<\/div>\n\t\t\t\t\t\t\t\t<\/div>\n\t\t\t\t\t<\/div>\n\t\t<\/section>\n\t\t\t\t<section class=\"elementor-section elementor-top-section elementor-element elementor-element-393bae1 elementor-section-boxed elementor-section-height-default elementor-section-height-default\" data-id=\"393bae1\" data-element_type=\"section\">\n\t\t\t\t\t\t<div class=\"elementor-container elementor-column-gap-default\">\n\t\t\t\t\t\t\t<div class=\"elementor-row\">\n\t\t\t\t\t<div class=\"elementor-column elementor-col-100 elementor-top-column elementor-element elementor-element-f30900c\" data-id=\"f30900c\" data-element_type=\"column\">\n\t\t\t<div class=\"elementor-column-wrap elementor-element-populated\">\n\t\t\t\t\t\t\t<div class=\"elementor-widget-wrap\">\n\t\t\t\t\t\t<section class=\"elementor-section elementor-inner-section elementor-element elementor-element-2c6031c elementor-section-boxed elementor-section-height-default elementor-section-height-default\" data-id=\"2c6031c\" data-element_type=\"section\">\n\t\t\t\t\t\t<div class=\"elementor-container elementor-column-gap-default\">\n\t\t\t\t\t\t\t<div class=\"elementor-row\">\n\t\t\t\t\t<div class=\"elementor-column elementor-col-50 elementor-inner-column elementor-element elementor-element-17c1659\" data-id=\"17c1659\" data-element_type=\"column\">\n\t\t\t<div class=\"elementor-column-wrap elementor-element-populated\">\n\t\t\t\t\t\t\t<div class=\"elementor-widget-wrap\">\n\t\t\t\t\t\t<div class=\"elementor-element elementor-element-6793ca9 elementor-widget elementor-widget-google_maps\" data-id=\"6793ca9\" data-element_type=\"widget\" data-widget_type=\"google_maps.default\">\n\t\t\t\t<div class=\"elementor-widget-container\">\n\t\t\t<div class=\"elementor-custom-embed\"><iframe frameborder=\"0\" scrolling=\"no\" marginheight=\"0\" marginwidth=\"0\" src=\"https:\/\/maps.google.com\/maps?q=Blanco%20Encalada%201451&amp;t=m&amp;z=10&amp;output=embed&amp;iwloc=near\" title=\"Blanco Encalada 1451\" aria-label=\"Blanco Encalada 1451\"><\/iframe><\/div>\t\t<\/div>\n\t\t\t\t<\/div>\n\t\t\t\t\t\t<\/div>\n\t\t\t\t\t<\/div>\n\t\t<\/div>\n\t\t\t\t<div class=\"elementor-column elementor-col-50 elementor-inner-column elementor-element elementor-element-3ea6060\" data-id=\"3ea6060\" data-element_type=\"column\">\n\t\t\t<div class=\"elementor-column-wrap elementor-element-populated\">\n\t\t\t\t\t\t\t<div class=\"elementor-widget-wrap\">\n\t\t\t\t\t\t<div class=\"elementor-element elementor-element-b2f72e1 elementor-widget elementor-widget-text-editor\" data-id=\"b2f72e1\" data-element_type=\"widget\" data-widget_type=\"text-editor.default\">\n\t\t\t\t<div class=\"elementor-widget-container\">\n\t\t\t\t\t<div class=\"elementor-text-editor elementor-clearfix\"><p><strong>Direcci\u00f3n<br \/>Edificio Green Tower<\/strong><br \/><a>Blanco Encalada 1451<br \/><\/a><span style=\"color: var( --e-global-color-text ); font-family: Lato, sans-serif; font-size: 16px; text-indent: 36pt;\">Ciudad Aut\u00f3noma de Buenos Aires<br \/><\/span><span style=\"font-family: Lato, sans-serif; font-size: 16px; text-indent: 36pt; color: var( --e-global-color-text );\">Argentina<\/span><\/p>\n<p><strong>Tel\u00e9fono<\/strong><br \/>+ 54 11 4788 5298 \/ 1686<\/p>\n<p><strong>Email<\/strong><br \/><a href=\"mailto:info@coimpex.com.ar\">\u00a0info@coimpex.com.ar<\/a><\/p><\/div>\n\t\t\t\t<\/div>\n\t\t\t\t<\/div>\n\t\t\t\t\t\t<\/div>\n\t\t\t\t\t<\/div>\n\t\t<\/div>\n\t\t\t\t\t\t\t\t<\/div>\n\t\t\t\t\t<\/div>\n\t\t<\/section>\n\t\t\t\t\t\t<\/div>\n\t\t\t\t\t<\/div>\n\t\t<\/div>\n\t\t\t\t\t\t\t\t<\/div>\n\t\t\t\t\t<\/div>\n\t\t<\/section>\n\t\t\t\t\t\t<\/div>\n\t\t\t\t\t\t<\/div>\n\t\t\t\t\t<\/div>\n\t\t","protected":false},"excerpt":{"rendered":"<p>Dedicada a la importaci\u00f3n y comercializaci\u00f3n de materias primas, ingredientes y aditivos funcionales producidos por nuestras representadas, que son l\u00edderes en su \u00e1rea y manejan los m\u00e1s altos est\u00e1ndares de calidad y servicio. Productos de Distribuci\u00f3n Local Agentes de BatidoVana<\/p>\n","protected":false},"author":1,"featured_media":0,"parent":0,"menu_order":0,"comment_status":"closed","ping_status":"closed","template":"","meta":[],"yoast_head":"<!-- This site is optimized with the Yoast SEO plugin v14.9 - https:\/\/yoast.com\/wordpress\/plugins\/seo\/ -->\n<title>Coimpex - Coimpex<\/title>\n<meta name=\"robots\" content=\"index, follow, max-snippet:-1, max-image-preview:large, max-video-preview:-1\" \/>\n<link rel=\"canonical\" href=\"http:\/\/www.coimpex.com.ar\/\" \/>\n<meta property=\"og:locale\" content=\"es_ES\" \/>\n<meta property=\"og:type\" content=\"article\" \/>\n<meta property=\"og:title\" content=\"Coimpex - Coimpex\" \/>\n<meta property=\"og:description\" content=\"Dedicada a la importaci\u00f3n y comercializaci\u00f3n de materias primas, ingredientes y aditivos funcionales producidos por nuestras representadas, que son l\u00edderes en su \u00e1rea y manejan los m\u00e1s altos est\u00e1ndares de calidad y servicio. Productos de Distribuci\u00f3n Local Agentes de BatidoVana\" \/>\n<meta property=\"og:url\" content=\"http:\/\/www.coimpex.com.ar\/\" \/>\n<meta property=\"og:site_name\" content=\"Coimpex\" \/>\n<meta property=\"article:modified_time\" content=\"2020-09-11T16:52:48+00:00\" \/>\n<meta name=\"twitter:card\" content=\"summary_large_image\" \/>\n<script type=\"application\/ld+json\" class=\"yoast-schema-graph\">{\"@context\":\"https:\/\/schema.org\",\"@graph\":[{\"@type\":\"Organization\",\"@id\":\"https:\/\/www.coimpex.com.ar\/#organization\",\"name\":\"Coimpex\",\"url\":\"https:\/\/www.coimpex.com.ar\/\",\"sameAs\":[],\"logo\":{\"@type\":\"ImageObject\",\"@id\":\"https:\/\/www.coimpex.com.ar\/#logo\",\"inLanguage\":\"es-AR\",\"url\":\"https:\/\/www.coimpex.com.ar\/wp-content\/uploads\/2020\/09\/logo_260x89.gif\",\"width\":260,\"height\":89,\"caption\":\"Coimpex\"},\"image\":{\"@id\":\"https:\/\/www.coimpex.com.ar\/#logo\"}},{\"@type\":\"WebSite\",\"@id\":\"https:\/\/www.coimpex.com.ar\/#website\",\"url\":\"https:\/\/www.coimpex.com.ar\/\",\"name\":\"Coimpex - Ingredientes y Aditivos Funcionales para la Industria de la Alimentaci\\u00f3n\",\"description\":\"Ingredientes y Aditivos Funcionales para la Industria de la Alimentaci\\u00f3n\",\"publisher\":{\"@id\":\"https:\/\/www.coimpex.com.ar\/#organization\"},\"potentialAction\":[{\"@type\":\"SearchAction\",\"target\":\"https:\/\/www.coimpex.com.ar\/?s={search_term_string}\",\"query-input\":\"required name=search_term_string\"}],\"inLanguage\":\"es-AR\"},{\"@type\":\"WebPage\",\"@id\":\"http:\/\/www.coimpex.com.ar\/#webpage\",\"url\":\"http:\/\/www.coimpex.com.ar\/\",\"name\":\"Coimpex - Coimpex\",\"isPartOf\":{\"@id\":\"https:\/\/www.coimpex.com.ar\/#website\"},\"datePublished\":\"2019-11-27T14:07:02+00:00\",\"dateModified\":\"2020-09-11T16:52:48+00:00\",\"inLanguage\":\"es-AR\",\"potentialAction\":[{\"@type\":\"ReadAction\",\"target\":[\"http:\/\/www.coimpex.com.ar\/\"]}]}]}<\/script>\n<!-- \/ Yoast SEO plugin. -->","_links":{"self":[{"href":"https:\/\/www.coimpex.com.ar\/index.php?rest_route=\/wp\/v2\/pages\/5"}],"collection":[{"href":"https:\/\/www.coimpex.com.ar\/index.php?rest_route=\/wp\/v2\/pages"}],"about":[{"href":"https:\/\/www.coimpex.com.ar\/index.php?rest_route=\/wp\/v2\/types\/page"}],"author":[{"embeddable":true,"href":"https:\/\/www.coimpex.com.ar\/index.php?rest_route=\/wp\/v2\/users\/1"}],"replies":[{"embeddable":true,"href":"https:\/\/www.coimpex.com.ar\/index.php?rest_route=%2Fwp%2Fv2%2Fcomments&post=5"}],"version-history":[{"count":19,"href":"https:\/\/www.coimpex.com.ar\/index.php?rest_route=\/wp\/v2\/pages\/5\/revisions"}],"predecessor-version":[{"id":99,"href":"https:\/\/www.coimpex.com.ar\/index.php?rest_route=\/wp\/v2\/pages\/5\/revisions\/99"}],"wp:attachment":[{"href":"https:\/\/www.coimpex.com.ar\/index.php?rest_route=%2Fwp%2Fv2%2Fmedia&parent=5"}],"curies":[{"name":"wp","href":"https:\/\/api.w.org\/{rel}","templated":true}]}}